{"id":4758,"date":"2026-04-01T15:10:02","date_gmt":"2026-04-01T15:10:02","guid":{"rendered":"https:\/\/ipanemainternational.com\/?page_id=4758"},"modified":"2026-04-21T16:12:00","modified_gmt":"2026-04-21T16:12:00","slug":"relocation-in-brazil","status":"publish","type":"page","link":"https:\/\/ipanemainternational.com\/pt\/relocation-in-brazil\/","title":{"rendered":"Servi\u00e7os de Reloca\u00e7\u00e3o"},"content":{"rendered":"<div data-elementor-type=\"wp-page\" data-elementor-id=\"4758\" class=\"elementor elementor-4758\" data-elementor-post-type=\"page\">\n\t\t\t\t<div class=\"elementor-element elementor-element-83949a6 e-flex e-con-boxed e-con e-parent\" data-id=\"83949a6\" data-element_type=\"container\" data-e-type=\"container\" data-settings=\"{&quot;background_background&quot;:&quot;classic&quot;}\">\n\t\t\t\t\t<div class=\"e-con-inner\">\n\t\t\t\t<div class=\"elementor-element elementor-element-8845185 elementor-widget elementor-widget-heading\" data-id=\"8845185\" data-element_type=\"widget\" data-e-type=\"widget\" data-widget_type=\"heading.default\">\n\t\t\t\t\t<h1 class=\"elementor-heading-title elementor-size-default\">Servi\u00e7os de Reloca\u00e7\u00e3o<\/h1>\t\t\t\t<\/div>\n\t\t\t\t\t<\/div>\n\t\t\t\t<\/div>\n\t\t<div class=\"elementor-element elementor-element-991b560 e-flex e-con-boxed e-con e-parent\" data-id=\"991b560\" data-element_type=\"container\" data-e-type=\"container\">\n\t\t\t\t\t<div class=\"e-con-inner\">\n\t\t\t\t<div class=\"elementor-element elementor-element-867e087 elementor-widget elementor-widget-spacer\" data-id=\"867e087\" data-element_type=\"widget\" data-e-type=\"widget\" data-widget_type=\"spacer.default\">\n\t\t\t\t\t\t\t<div class=\"elementor-spacer\">\n\t\t\t<div class=\"elementor-spacer-inner\"><\/div>\n\t\t<\/div>\n\t\t\t\t\t\t<\/div>\n\t\t\t\t\t<\/div>\n\t\t\t\t<\/div>\n\t\t<div class=\"elementor-element elementor-element-e7e7bef e-flex e-con-boxed e-con e-parent\" data-id=\"e7e7bef\" data-element_type=\"container\" data-e-type=\"container\">\n\t\t\t\t\t<div class=\"e-con-inner\">\n\t\t<div class=\"elementor-element elementor-element-06f02e1 e-con-full e-flex e-con e-child\" data-id=\"06f02e1\" data-element_type=\"container\" data-e-type=\"container\">\n\t\t<div class=\"elementor-element elementor-element-a024a41 e-con-full e-flex e-con e-child\" data-id=\"a024a41\" data-element_type=\"container\" data-e-type=\"container\">\n\t\t\t\t<div class=\"elementor-element elementor-element-8c0bc78 elementor-widget elementor-widget-heading\" data-id=\"8c0bc78\" data-element_type=\"widget\" data-e-type=\"widget\" data-widget_type=\"heading.default\">\n\t\t\t\t\t<h2 class=\"elementor-heading-title elementor-size-default\">O QUE FAZEMOS<\/h2>\t\t\t\t<\/div>\n\t\t\t\t<\/div>\n\t\t\t\t<div class=\"elementor-element elementor-element-f115bed elementor-widget elementor-widget-text-editor\" data-id=\"f115bed\" data-element_type=\"widget\" data-e-type=\"widget\" data-widget_type=\"text-editor.default\">\n\t\t\t\t\t\t\t\t\t<p>Mudar-se para o Brasil envolve uma s\u00e9rie de etapas pr\u00e1ticas, jur\u00eddicas e administrativas, tanto antes da partida quanto ap\u00f3s a chegada. Seja em raz\u00e3o de uma transfer\u00eancia corporativa, trabalho remoto ou motivos familiares, uma abordagem estruturada contribui para uma transi\u00e7\u00e3o tranquila.<\/p><p>Auxiliamos nos principais aspectos do processo, como procedimentos de imigra\u00e7\u00e3o e vistos, moradia e organiza\u00e7\u00e3o administrativa. Isso inclui orienta\u00e7\u00e3o sobre documenta\u00e7\u00e3o, coordena\u00e7\u00e3o com autoridades locais e suporte na organiza\u00e7\u00e3o de servi\u00e7os essenciais, como abertura de conta banc\u00e1ria e contrata\u00e7\u00e3o de utilidades.<\/p><p>Al\u00e9m disso, apoiamos no planejamento da mudan\u00e7a, na busca por im\u00f3veis e no processo de adapta\u00e7\u00e3o, ajudando voc\u00ea a compreender o ambiente local e a se estabelecer no Brasil.<\/p>\t\t\t\t\t\t\t\t<\/div>\n\t\t\t\t<\/div>\n\t\t\t\t\t<\/div>\n\t\t\t\t<\/div>\n\t\t<div class=\"elementor-element elementor-element-fcc4bc8 e-flex e-con-boxed e-con e-parent\" data-id=\"fcc4bc8\" data-element_type=\"container\" data-e-type=\"container\">\n\t\t\t\t\t<div class=\"e-con-inner\">\n\t\t\t\t<div class=\"elementor-element elementor-element-87f31b3 elementor-widget elementor-widget-spacer\" data-id=\"87f31b3\" data-element_type=\"widget\" data-e-type=\"widget\" data-widget_type=\"spacer.default\">\n\t\t\t\t\t\t\t<div class=\"elementor-spacer\">\n\t\t\t<div class=\"elementor-spacer-inner\"><\/div>\n\t\t<\/div>\n\t\t\t\t\t\t<\/div>\n\t\t\t\t\t<\/div>\n\t\t\t\t<\/div>\n\t\t<div class=\"elementor-element elementor-element-61bfecd e-flex e-con-boxed e-con e-parent\" data-id=\"61bfecd\" data-element_type=\"container\" data-e-type=\"container\">\n\t\t\t\t\t<div class=\"e-con-inner\">\n\t\t<div class=\"elementor-element elementor-element-ef53d9b e-con-full e-flex e-con e-child\" data-id=\"ef53d9b\" data-element_type=\"container\" data-e-type=\"container\">\n\t\t\t\t<div class=\"elementor-element elementor-element-040a6eb elementor-widget elementor-widget-heading\" data-id=\"040a6eb\" data-element_type=\"widget\" data-e-type=\"widget\" data-widget_type=\"heading.default\">\n\t\t\t\t\t<div class=\"elementor-heading-title elementor-size-default\">Reloca\u00e7\u00e3o<\/div>\t\t\t\t<\/div>\n\t\t\t\t<div class=\"elementor-element elementor-element-32b4f36 elementor-widget elementor-widget-heading\" data-id=\"32b4f36\" data-element_type=\"widget\" data-e-type=\"widget\" data-widget_type=\"heading.default\">\n\t\t\t\t\t<h2 class=\"elementor-heading-title elementor-size-default\">EXPLORE NOSSOS SERVI\u00c7OS<\/h2>\t\t\t\t<\/div>\n\t\t\t\t<\/div>\n\t\t\t\t\t<\/div>\n\t\t\t\t<\/div>\n\t\t<div class=\"elementor-element elementor-element-73efc71 e-grid e-con-boxed e-con e-parent\" data-id=\"73efc71\" data-element_type=\"container\" data-e-type=\"container\">\n\t\t\t\t\t<div class=\"e-con-inner\">\n\t\t<div class=\"elementor-element elementor-element-dfae01e e-con-full e-flex e-con e-child\" data-id=\"dfae01e\" data-element_type=\"container\" data-e-type=\"container\">\n\t\t\t\t<div class=\"elementor-element elementor-element-e1bf375 elementor-align-justify elementor-widget elementor-widget-button\" data-id=\"e1bf375\" data-element_type=\"widget\" data-e-type=\"widget\" data-widget_type=\"button.default\">\n\t\t\t\t\t\t\t\t\t\t<a class=\"elementor-button elementor-button-link elementor-size-sm\" href=\"https:\/\/ipanemainternational.com\/pt\/relocation-in-brazil\/corporate-relocation\/\">\n\t\t\t\t\t\t<span class=\"elementor-button-content-wrapper\">\n\t\t\t\t\t\t\t\t\t<span class=\"elementor-button-text\">Reloca\u00e7\u00e3o Corporativa<\/span>\n\t\t\t\t\t<\/span>\n\t\t\t\t\t<\/a>\n\t\t\t\t\t\t\t\t<\/div>\n\t\t\t\t<\/div>\n\t\t<div class=\"elementor-element elementor-element-3a06e3c e-con-full e-flex e-con e-child\" data-id=\"3a06e3c\" data-element_type=\"container\" data-e-type=\"container\">\n\t\t\t\t<div class=\"elementor-element elementor-element-a2bbd35 elementor-align-justify elementor-widget elementor-widget-button\" data-id=\"a2bbd35\" data-element_type=\"widget\" data-e-type=\"widget\" data-widget_type=\"button.default\">\n\t\t\t\t\t\t\t\t\t\t<a class=\"elementor-button elementor-button-link elementor-size-sm\" href=\"https:\/\/ipanemainternational.com\/pt\/relocation-in-brazil\/personal-relocation\/\">\n\t\t\t\t\t\t<span class=\"elementor-button-content-wrapper\">\n\t\t\t\t\t\t\t\t\t<span class=\"elementor-button-text\">Reloca\u00e7\u00e3o Pessoal<\/span>\n\t\t\t\t\t<\/span>\n\t\t\t\t\t<\/a>\n\t\t\t\t\t\t\t\t<\/div>\n\t\t\t\t<\/div>\n\t\t\t\t\t<\/div>\n\t\t\t\t<\/div>\n\t\t<div class=\"elementor-element elementor-element-4fac069 e-flex e-con-boxed e-con e-parent\" data-id=\"4fac069\" data-element_type=\"container\" data-e-type=\"container\">\n\t\t\t\t\t<div class=\"e-con-inner\">\n\t\t\t\t<div class=\"elementor-element elementor-element-fdd1ea4 elementor-widget elementor-widget-theme-site-logo elementor-widget-image\" data-id=\"fdd1ea4\" data-element_type=\"widget\" data-e-type=\"widget\" data-widget_type=\"theme-site-logo.default\">\n\t\t\t\t\t\t\t\t\t\t\t<a href=\"https:\/\/ipanemainternational.com\/pt\">\n\t\t\t<img fetchpriority=\"high\" decoding=\"async\" width=\"400\" height=\"300\" src=\"https:\/\/ipanemainternational.com\/wp-content\/uploads\/2026\/03\/Transparant.png\" class=\"attachment-full size-full wp-image-3374\" alt=\"\" srcset=\"https:\/\/ipanemainternational.com\/wp-content\/uploads\/2026\/03\/Transparant.png 400w, https:\/\/ipanemainternational.com\/wp-content\/uploads\/2026\/03\/Transparant-300x225.png 300w\" sizes=\"(max-width: 400px) 100vw, 400px\" \/>\t\t\t\t<\/a>\n\t\t\t\t\t\t\t\t\t\t\t<\/div>\n\t\t\t\t<div class=\"elementor-element elementor-element-6764c11 elementor-widget elementor-widget-heading\" data-id=\"6764c11\" data-element_type=\"widget\" data-e-type=\"widget\" data-widget_type=\"heading.default\">\n\t\t\t\t\t<h2 class=\"elementor-heading-title elementor-size-default\">Your \nBrazilian \nConnection<\/h2>\t\t\t\t<\/div>\n\t\t\t\t\t<\/div>\n\t\t\t\t<\/div>\n\t\t\t\t<\/div>","protected":false},"excerpt":{"rendered":"<p>Relocation Services What we do Relocating to Brazil involves a range of practical, legal and administrative steps, both before departure and after arrival. Whether moving as part of a company relocation, to work remotely or for family reasons, a structured approach helps ensure a smooth transition. We assist with key aspects such as immigration and [&hellip;]<\/p>\n","protected":false},"author":2,"featured_media":0,"parent":0,"menu_order":4,"comment_status":"closed","ping_status":"closed","template":"","meta":{"footnotes":""},"class_list":["post-4758","page","type-page","status-publish","hentry"],"yoast_head":"<!-- This site is optimized with the Yoast SEO plugin v27.4 - https:\/\/yoast.com\/product\/yoast-seo-wordpress\/ -->\n<title>Relocating to Brazil | Living, Working and Practical Considerations<\/title>\n<meta name=\"description\" content=\"Relocating to Brazil requires a structured approach. Learn about visas, housing, daily life and practical steps for a smooth transition.\" \/>\n<meta name=\"robots\" content=\"index, follow, max-snippet:-1, max-image-preview:large, max-video-preview:-1\" \/>\n<link rel=\"canonical\" href=\"https:\/\/ipanemainternational.com\/pt\/relocation-in-brazil\/\" \/>\n<meta property=\"og:locale\" content=\"pt_BR\" \/>\n<meta property=\"og:type\" content=\"article\" \/>\n<meta property=\"og:title\" content=\"Relocating to Brazil | Living, Working and Practical Considerations\" \/>\n<meta property=\"og:description\" content=\"Relocating to Brazil requires a structured approach. Learn about visas, housing, daily life and practical steps for a smooth transition.\" \/>\n<meta property=\"og:url\" content=\"https:\/\/ipanemainternational.com\/pt\/relocation-in-brazil\/\" \/>\n<meta property=\"og:site_name\" content=\"Ipanema International\" \/>\n<meta property=\"article:modified_time\" content=\"2026-04-21T16:12:00+00:00\" \/>\n<meta property=\"og:image\" content=\"https:\/\/ipanemainternational.com\/wp-content\/uploads\/2026\/03\/8-1-e1775695138716.webp\" \/>\n\t<meta property=\"og:image:width\" content=\"1920\" \/>\n\t<meta property=\"og:image:height\" content=\"1080\" \/>\n\t<meta property=\"og:image:type\" content=\"image\/webp\" \/>\n<meta name=\"twitter:card\" content=\"summary_large_image\" \/>\n<meta name=\"twitter:label1\" content=\"Est. reading time\" \/>\n\t<meta name=\"twitter:data1\" content=\"1 minuto\" \/>\n<script type=\"application\/ld+json\" class=\"yoast-schema-graph\">{\"@context\":\"https:\\\/\\\/schema.org\",\"@graph\":[{\"@type\":\"WebPage\",\"@id\":\"https:\\\/\\\/ipanemainternational.com\\\/relocation-in-brazil\\\/\",\"url\":\"https:\\\/\\\/ipanemainternational.com\\\/relocation-in-brazil\\\/\",\"name\":\"Relocating to Brazil | Living, Working and Practical Considerations\",\"isPartOf\":{\"@id\":\"https:\\\/\\\/ipanemainternational.com\\\/#website\"},\"datePublished\":\"2026-04-01T15:10:02+00:00\",\"dateModified\":\"2026-04-21T16:12:00+00:00\",\"description\":\"Relocating to Brazil requires a structured approach. Learn about visas, housing, daily life and practical steps for a smooth transition.\",\"breadcrumb\":{\"@id\":\"https:\\\/\\\/ipanemainternational.com\\\/relocation-in-brazil\\\/#breadcrumb\"},\"inLanguage\":\"pt-BR\",\"potentialAction\":[{\"@type\":\"ReadAction\",\"target\":[\"https:\\\/\\\/ipanemainternational.com\\\/relocation-in-brazil\\\/\"]}]},{\"@type\":\"BreadcrumbList\",\"@id\":\"https:\\\/\\\/ipanemainternational.com\\\/relocation-in-brazil\\\/#breadcrumb\",\"itemListElement\":[{\"@type\":\"ListItem\",\"position\":1,\"name\":\"Home\",\"item\":\"https:\\\/\\\/ipanemainternational.com\\\/\"},{\"@type\":\"ListItem\",\"position\":2,\"name\":\"Relocation Services\"}]},{\"@type\":\"WebSite\",\"@id\":\"https:\\\/\\\/ipanemainternational.com\\\/#website\",\"url\":\"https:\\\/\\\/ipanemainternational.com\\\/\",\"name\":\"Ipanema International\",\"description\":\"Your Brazilian Connection\",\"publisher\":{\"@id\":\"https:\\\/\\\/ipanemainternational.com\\\/#organization\"},\"potentialAction\":[{\"@type\":\"SearchAction\",\"target\":{\"@type\":\"EntryPoint\",\"urlTemplate\":\"https:\\\/\\\/ipanemainternational.com\\\/?s={search_term_string}\"},\"query-input\":{\"@type\":\"PropertyValueSpecification\",\"valueRequired\":true,\"valueName\":\"search_term_string\"}}],\"inLanguage\":\"pt-BR\"},{\"@type\":\"Organization\",\"@id\":\"https:\\\/\\\/ipanemainternational.com\\\/#organization\",\"name\":\"Ipanema International\",\"url\":\"https:\\\/\\\/ipanemainternational.com\\\/\",\"logo\":{\"@type\":\"ImageObject\",\"inLanguage\":\"pt-BR\",\"@id\":\"https:\\\/\\\/ipanemainternational.com\\\/#\\\/schema\\\/logo\\\/image\\\/\",\"url\":\"https:\\\/\\\/ipanemainternational.com\\\/wp-content\\\/uploads\\\/2026\\\/03\\\/Transparant.png\",\"contentUrl\":\"https:\\\/\\\/ipanemainternational.com\\\/wp-content\\\/uploads\\\/2026\\\/03\\\/Transparant.png\",\"width\":400,\"height\":300,\"caption\":\"Ipanema International\"},\"image\":{\"@id\":\"https:\\\/\\\/ipanemainternational.com\\\/#\\\/schema\\\/logo\\\/image\\\/\"},\"sameAs\":[\"https:\\\/\\\/www.linkedin.com\\\/company\\\/ipanema-international\",\"https:\\\/\\\/www.instagram.com\\\/ipanemainternational\\\/\"]}]}<\/script>\n<!-- \/ Yoast SEO plugin. -->","yoast_head_json":{"title":"Relocating to Brazil | Living, Working and Practical Considerations","description":"Relocating to Brazil requires a structured approach. Learn about visas, housing, daily life and practical steps for a smooth transition.","robots":{"index":"index","follow":"follow","max-snippet":"max-snippet:-1","max-image-preview":"max-image-preview:large","max-video-preview":"max-video-preview:-1"},"canonical":"https:\/\/ipanemainternational.com\/pt\/relocation-in-brazil\/","og_locale":"pt_BR","og_type":"article","og_title":"Relocating to Brazil | Living, Working and Practical Considerations","og_description":"Relocating to Brazil requires a structured approach. Learn about visas, housing, daily life and practical steps for a smooth transition.","og_url":"https:\/\/ipanemainternational.com\/pt\/relocation-in-brazil\/","og_site_name":"Ipanema International","article_modified_time":"2026-04-21T16:12:00+00:00","og_image":[{"width":1920,"height":1080,"url":"https:\/\/ipanemainternational.com\/wp-content\/uploads\/2026\/03\/8-1-e1775695138716.webp","type":"image\/webp"}],"twitter_card":"summary_large_image","twitter_misc":{"Est. reading time":"1 minuto"},"schema":{"@context":"https:\/\/schema.org","@graph":[{"@type":"WebPage","@id":"https:\/\/ipanemainternational.com\/relocation-in-brazil\/","url":"https:\/\/ipanemainternational.com\/relocation-in-brazil\/","name":"Relocating to Brazil | Living, Working and Practical Considerations","isPartOf":{"@id":"https:\/\/ipanemainternational.com\/#website"},"datePublished":"2026-04-01T15:10:02+00:00","dateModified":"2026-04-21T16:12:00+00:00","description":"Relocating to Brazil requires a structured approach. Learn about visas, housing, daily life and practical steps for a smooth transition.","breadcrumb":{"@id":"https:\/\/ipanemainternational.com\/relocation-in-brazil\/#breadcrumb"},"inLanguage":"pt-BR","potentialAction":[{"@type":"ReadAction","target":["https:\/\/ipanemainternational.com\/relocation-in-brazil\/"]}]},{"@type":"BreadcrumbList","@id":"https:\/\/ipanemainternational.com\/relocation-in-brazil\/#breadcrumb","itemListElement":[{"@type":"ListItem","position":1,"name":"Home","item":"https:\/\/ipanemainternational.com\/"},{"@type":"ListItem","position":2,"name":"Relocation Services"}]},{"@type":"WebSite","@id":"https:\/\/ipanemainternational.com\/#website","url":"https:\/\/ipanemainternational.com\/","name":"Ipanema International","description":"Your Brazilian Connection","publisher":{"@id":"https:\/\/ipanemainternational.com\/#organization"},"potentialAction":[{"@type":"SearchAction","target":{"@type":"EntryPoint","urlTemplate":"https:\/\/ipanemainternational.com\/?s={search_term_string}"},"query-input":{"@type":"PropertyValueSpecification","valueRequired":true,"valueName":"search_term_string"}}],"inLanguage":"pt-BR"},{"@type":"Organization","@id":"https:\/\/ipanemainternational.com\/#organization","name":"Ipanema International","url":"https:\/\/ipanemainternational.com\/","logo":{"@type":"ImageObject","inLanguage":"pt-BR","@id":"https:\/\/ipanemainternational.com\/#\/schema\/logo\/image\/","url":"https:\/\/ipanemainternational.com\/wp-content\/uploads\/2026\/03\/Transparant.png","contentUrl":"https:\/\/ipanemainternational.com\/wp-content\/uploads\/2026\/03\/Transparant.png","width":400,"height":300,"caption":"Ipanema International"},"image":{"@id":"https:\/\/ipanemainternational.com\/#\/schema\/logo\/image\/"},"sameAs":["https:\/\/www.linkedin.com\/company\/ipanema-international","https:\/\/www.instagram.com\/ipanemainternational\/"]}]}},"_links":{"self":[{"href":"https:\/\/ipanemainternational.com\/pt\/wp-json\/wp\/v2\/pages\/4758","targetHints":{"allow":["GET"]}}],"collection":[{"href":"https:\/\/ipanemainternational.com\/pt\/wp-json\/wp\/v2\/pages"}],"about":[{"href":"https:\/\/ipanemainternational.com\/pt\/wp-json\/wp\/v2\/types\/page"}],"author":[{"embeddable":true,"href":"https:\/\/ipanemainternational.com\/pt\/wp-json\/wp\/v2\/users\/2"}],"replies":[{"embeddable":true,"href":"https:\/\/ipanemainternational.com\/pt\/wp-json\/wp\/v2\/comments?post=4758"}],"version-history":[{"count":50,"href":"https:\/\/ipanemainternational.com\/pt\/wp-json\/wp\/v2\/pages\/4758\/revisions"}],"predecessor-version":[{"id":6985,"href":"https:\/\/ipanemainternational.com\/pt\/wp-json\/wp\/v2\/pages\/4758\/revisions\/6985"}],"wp:attachment":[{"href":"https:\/\/ipanemainternational.com\/pt\/wp-json\/wp\/v2\/media?parent=4758"}],"curies":[{"name":"wp","href":"https:\/\/api.w.org\/{rel}","templated":true}]}}