{"id":4756,"date":"2026-04-01T15:09:52","date_gmt":"2026-04-01T15:09:52","guid":{"rendered":"https:\/\/ipanemainternational.com\/?page_id=4756"},"modified":"2026-04-21T16:06:59","modified_gmt":"2026-04-21T16:06:59","slug":"real-estate-in-brazil","status":"publish","type":"page","link":"https:\/\/ipanemainternational.com\/pt\/real-estate-in-brazil\/","title":{"rendered":"Investimentos Imobili\u00e1rios"},"content":{"rendered":"<div data-elementor-type=\"wp-page\" data-elementor-id=\"4756\" class=\"elementor elementor-4756\" data-elementor-post-type=\"page\">\n\t\t\t\t<div class=\"elementor-element elementor-element-6944c7a e-flex e-con-boxed e-con e-parent\" data-id=\"6944c7a\" data-element_type=\"container\" data-e-type=\"container\" data-settings=\"{&quot;background_background&quot;:&quot;classic&quot;}\">\n\t\t\t\t\t<div class=\"e-con-inner\">\n\t\t\t\t<div class=\"elementor-element elementor-element-deee535 elementor-widget elementor-widget-heading\" data-id=\"deee535\" data-element_type=\"widget\" data-e-type=\"widget\" data-widget_type=\"heading.default\">\n\t\t\t\t\t<h1 class=\"elementor-heading-title elementor-size-default\">Investimentos Imobili\u00e1rios<\/h1>\t\t\t\t<\/div>\n\t\t\t\t\t<\/div>\n\t\t\t\t<\/div>\n\t\t<div class=\"elementor-element elementor-element-6d795cd e-flex e-con-boxed e-con e-parent\" data-id=\"6d795cd\" data-element_type=\"container\" data-e-type=\"container\">\n\t\t\t\t\t<div class=\"e-con-inner\">\n\t\t\t\t<div class=\"elementor-element elementor-element-d59240b elementor-widget elementor-widget-spacer\" data-id=\"d59240b\" data-element_type=\"widget\" data-e-type=\"widget\" data-widget_type=\"spacer.default\">\n\t\t\t\t\t\t\t<div class=\"elementor-spacer\">\n\t\t\t<div class=\"elementor-spacer-inner\"><\/div>\n\t\t<\/div>\n\t\t\t\t\t\t<\/div>\n\t\t\t\t\t<\/div>\n\t\t\t\t<\/div>\n\t\t<div class=\"elementor-element elementor-element-fc7794b e-flex e-con-boxed e-con e-parent\" data-id=\"fc7794b\" data-element_type=\"container\" data-e-type=\"container\">\n\t\t\t\t\t<div class=\"e-con-inner\">\n\t\t<div class=\"elementor-element elementor-element-3d7e261 e-con-full e-flex e-con e-child\" data-id=\"3d7e261\" data-element_type=\"container\" data-e-type=\"container\">\n\t\t<div class=\"elementor-element elementor-element-5a1e267 e-con-full e-flex e-con e-child\" data-id=\"5a1e267\" data-element_type=\"container\" data-e-type=\"container\">\n\t\t\t\t<div class=\"elementor-element elementor-element-2a67385 elementor-widget elementor-widget-heading\" data-id=\"2a67385\" data-element_type=\"widget\" data-e-type=\"widget\" data-widget_type=\"heading.default\">\n\t\t\t\t\t<h2 class=\"elementor-heading-title elementor-size-default\">O QUE FAZEMOS<\/h2>\t\t\t\t<\/div>\n\t\t\t\t<\/div>\n\t\t\t\t<div class=\"elementor-element elementor-element-e7e2ca9 elementor-widget elementor-widget-text-editor\" data-id=\"e7e2ca9\" data-element_type=\"widget\" data-e-type=\"widget\" data-widget_type=\"text-editor.default\">\n\t\t\t\t\t\t\t\t\t<p>Investir em im\u00f3veis no Brasil exige uma compreens\u00e3o clara do mercado local, do ambiente jur\u00eddico e do processo de aquisi\u00e7\u00e3o. Investidores estrangeiros frequentemente enfrentam quest\u00f5es relacionadas \u00e0 sele\u00e7\u00e3o de im\u00f3veis, estruturas de propriedade, exig\u00eancias regulat\u00f3rias e \u00e0 execu\u00e7\u00e3o pr\u00e1tica da transa\u00e7\u00e3o.<\/p><p>Apoiamos investidores em todas essas etapas, oferecendo servi\u00e7os que abrangem an\u00e1lise de mercado, busca de im\u00f3veis, aquisi\u00e7\u00e3o e gest\u00e3o cont\u00ednua. Isso inclui a identifica\u00e7\u00e3o de oportunidades adequadas, a realiza\u00e7\u00e3o de due diligence jur\u00eddica e financeira, e o suporte completo ao processo de aquisi\u00e7\u00e3o \u2014 desde as negocia\u00e7\u00f5es iniciais at\u00e9 o registro em cart\u00f3rio.<\/p><p>Al\u00e9m disso, auxiliamos em requisitos pr\u00e1ticos, como a obten\u00e7\u00e3o do CPF, abertura de conta banc\u00e1ria e coordena\u00e7\u00e3o com cart\u00f3rios locais. Tamb\u00e9m oferecemos orienta\u00e7\u00e3o sobre estrutura\u00e7\u00e3o fiscal e opera\u00e7\u00f5es internacionais, em colabora\u00e7\u00e3o com assessores especializados.<\/p><p>Para al\u00e9m da aquisi\u00e7\u00e3o, apoiamos a gest\u00e3o operacional dos investimentos imobili\u00e1rios, incluindo administra\u00e7\u00e3o de loca\u00e7\u00e3o, coordena\u00e7\u00e3o com inquilinos e gest\u00e3o cont\u00ednua, garantindo que os ativos sejam administrados de forma eficiente ao longo do tempo<\/p>\t\t\t\t\t\t\t\t<\/div>\n\t\t\t\t<\/div>\n\t\t\t\t\t<\/div>\n\t\t\t\t<\/div>\n\t\t<div class=\"elementor-element elementor-element-4a8b848 e-flex e-con-boxed e-con e-parent\" data-id=\"4a8b848\" data-element_type=\"container\" data-e-type=\"container\">\n\t\t\t\t\t<div class=\"e-con-inner\">\n\t\t\t\t<div class=\"elementor-element elementor-element-e3a9ba6 elementor-widget elementor-widget-spacer\" data-id=\"e3a9ba6\" data-element_type=\"widget\" data-e-type=\"widget\" data-widget_type=\"spacer.default\">\n\t\t\t\t\t\t\t<div class=\"elementor-spacer\">\n\t\t\t<div class=\"elementor-spacer-inner\"><\/div>\n\t\t<\/div>\n\t\t\t\t\t\t<\/div>\n\t\t\t\t\t<\/div>\n\t\t\t\t<\/div>\n\t\t<div class=\"elementor-element elementor-element-e6303e1 e-flex e-con-boxed e-con e-parent\" data-id=\"e6303e1\" data-element_type=\"container\" data-e-type=\"container\">\n\t\t\t\t\t<div class=\"e-con-inner\">\n\t\t<div class=\"elementor-element elementor-element-7cb6155 e-con-full e-flex e-con e-child\" data-id=\"7cb6155\" data-element_type=\"container\" data-e-type=\"container\">\n\t\t\t\t<div class=\"elementor-element elementor-element-a518e22 elementor-widget elementor-widget-heading\" data-id=\"a518e22\" data-element_type=\"widget\" data-e-type=\"widget\" data-widget_type=\"heading.default\">\n\t\t\t\t\t<h2 class=\"elementor-heading-title elementor-size-default\">Investimentos Imobili\u00e1rios<\/h2>\t\t\t\t<\/div>\n\t\t\t\t<div class=\"elementor-element elementor-element-395b3d4 elementor-widget elementor-widget-heading\" data-id=\"395b3d4\" data-element_type=\"widget\" data-e-type=\"widget\" data-widget_type=\"heading.default\">\n\t\t\t\t\t<h2 class=\"elementor-heading-title elementor-size-default\">EXPLORE NOSSOS SERVI\u00c7OS<\/h2>\t\t\t\t<\/div>\n\t\t\t\t<\/div>\n\t\t\t\t\t<\/div>\n\t\t\t\t<\/div>\n\t\t<div class=\"elementor-element elementor-element-a97d3c7 e-grid e-con-boxed e-con e-parent\" data-id=\"a97d3c7\" data-element_type=\"container\" data-e-type=\"container\">\n\t\t\t\t\t<div class=\"e-con-inner\">\n\t\t<div class=\"elementor-element elementor-element-3538c1f e-con-full e-flex e-con e-child\" data-id=\"3538c1f\" data-element_type=\"container\" data-e-type=\"container\">\n\t\t\t\t<div class=\"elementor-element elementor-element-ced41cd elementor-align-justify elementor-widget elementor-widget-button\" data-id=\"ced41cd\" data-element_type=\"widget\" data-e-type=\"widget\" data-widget_type=\"button.default\">\n\t\t\t\t\t\t\t\t\t\t<a class=\"elementor-button elementor-button-link elementor-size-sm\" href=\"https:\/\/ipanemainternational.com\/pt\/real-estate-in-brazil\/market-analysis\/\">\n\t\t\t\t\t\t<span class=\"elementor-button-content-wrapper\">\n\t\t\t\t\t\t\t\t\t<span class=\"elementor-button-text\">An\u00e1lise de Mercado<\/span>\n\t\t\t\t\t<\/span>\n\t\t\t\t\t<\/a>\n\t\t\t\t\t\t\t\t<\/div>\n\t\t\t\t<\/div>\n\t\t<div class=\"elementor-element elementor-element-996d595 e-con-full e-flex e-con e-child\" data-id=\"996d595\" data-element_type=\"container\" data-e-type=\"container\">\n\t\t\t\t<div class=\"elementor-element elementor-element-9a41352 elementor-align-justify elementor-widget elementor-widget-button\" data-id=\"9a41352\" data-element_type=\"widget\" data-e-type=\"widget\" data-widget_type=\"button.default\">\n\t\t\t\t\t\t\t\t\t\t<a class=\"elementor-button elementor-button-link elementor-size-sm\" href=\"https:\/\/ipanemainternational.com\/pt\/real-estate-in-brazil\/legal-financial-due-diligence\/\">\n\t\t\t\t\t\t<span class=\"elementor-button-content-wrapper\">\n\t\t\t\t\t\t\t\t\t<span class=\"elementor-button-text\">Due Diligence Jur\u00eddica &amp; Financeira<\/span>\n\t\t\t\t\t<\/span>\n\t\t\t\t\t<\/a>\n\t\t\t\t\t\t\t\t<\/div>\n\t\t\t\t<\/div>\n\t\t<div class=\"elementor-element elementor-element-9449945 e-con-full e-flex e-con e-child\" data-id=\"9449945\" data-element_type=\"container\" data-e-type=\"container\">\n\t\t\t\t<div class=\"elementor-element elementor-element-7e38754 elementor-align-justify elementor-widget elementor-widget-button\" data-id=\"7e38754\" data-element_type=\"widget\" data-e-type=\"widget\" data-widget_type=\"button.default\">\n\t\t\t\t\t\t\t\t\t\t<a class=\"elementor-button elementor-button-link elementor-size-sm\" href=\"https:\/\/ipanemainternational.com\/pt\/real-estate-in-brazil\/property-acquisition\/\">\n\t\t\t\t\t\t<span class=\"elementor-button-content-wrapper\">\n\t\t\t\t\t\t\t\t\t<span class=\"elementor-button-text\">Aquisi\u00e7\u00e3o de Im\u00f3veis<\/span>\n\t\t\t\t\t<\/span>\n\t\t\t\t\t<\/a>\n\t\t\t\t\t\t\t\t<\/div>\n\t\t\t\t<\/div>\n\t\t<div class=\"elementor-element elementor-element-b8fcd12 e-con-full e-flex e-con e-child\" data-id=\"b8fcd12\" data-element_type=\"container\" data-e-type=\"container\">\n\t\t\t\t<div class=\"elementor-element elementor-element-1e89bda elementor-align-justify elementor-widget elementor-widget-button\" data-id=\"1e89bda\" data-element_type=\"widget\" data-e-type=\"widget\" data-widget_type=\"button.default\">\n\t\t\t\t\t\t\t\t\t\t<a class=\"elementor-button elementor-button-link elementor-size-sm\" href=\"https:\/\/ipanemainternational.com\/pt\/real-estate-in-brazil\/rental-operations-management\/\">\n\t\t\t\t\t\t<span class=\"elementor-button-content-wrapper\">\n\t\t\t\t\t\t\t\t\t<span class=\"elementor-button-text\">Gest\u00e3o de Loca\u00e7\u00e3o<\/span>\n\t\t\t\t\t<\/span>\n\t\t\t\t\t<\/a>\n\t\t\t\t\t\t\t\t<\/div>\n\t\t\t\t<\/div>\n\t\t\t\t\t<\/div>\n\t\t\t\t<\/div>\n\t\t<div class=\"elementor-element elementor-element-280531e e-flex e-con-boxed e-con e-parent\" data-id=\"280531e\" data-element_type=\"container\" data-e-type=\"container\">\n\t\t\t\t\t<div class=\"e-con-inner\">\n\t\t\t\t<div class=\"elementor-element elementor-element-503705f elementor-widget elementor-widget-theme-site-logo elementor-widget-image\" data-id=\"503705f\" data-element_type=\"widget\" data-e-type=\"widget\" data-widget_type=\"theme-site-logo.default\">\n\t\t\t\t\t\t\t\t\t\t\t<a href=\"https:\/\/ipanemainternational.com\/pt\">\n\t\t\t<img fetchpriority=\"high\" decoding=\"async\" width=\"400\" height=\"300\" src=\"https:\/\/ipanemainternational.com\/wp-content\/uploads\/2026\/03\/Transparant.png\" class=\"attachment-full size-full wp-image-3374\" alt=\"\" srcset=\"https:\/\/ipanemainternational.com\/wp-content\/uploads\/2026\/03\/Transparant.png 400w, https:\/\/ipanemainternational.com\/wp-content\/uploads\/2026\/03\/Transparant-300x225.png 300w\" sizes=\"(max-width: 400px) 100vw, 400px\" \/>\t\t\t\t<\/a>\n\t\t\t\t\t\t\t\t\t\t\t<\/div>\n\t\t\t\t<div class=\"elementor-element elementor-element-19ac4c7 elementor-widget elementor-widget-heading\" data-id=\"19ac4c7\" data-element_type=\"widget\" data-e-type=\"widget\" data-widget_type=\"heading.default\">\n\t\t\t\t\t<h2 class=\"elementor-heading-title elementor-size-default\">Your \nBrazilian \nConnection<\/h2>\t\t\t\t<\/div>\n\t\t\t\t\t<\/div>\n\t\t\t\t<\/div>\n\t\t\t\t<\/div>","protected":false},"excerpt":{"rendered":"<p>Real Estate Investments What we do Investing in real estate in Brazil requires a clear understanding of the local market, legal framework and acquisition process. Foreign investors are often faced with questions around property selection, ownership structures, regulatory requirements and the practical execution of a transaction. We support investors throughout these considerations, providing services across [&hellip;]<\/p>\n","protected":false},"author":2,"featured_media":0,"parent":0,"menu_order":3,"comment_status":"closed","ping_status":"closed","template":"","meta":{"footnotes":""},"class_list":["post-4756","page","type-page","status-publish","hentry"],"yoast_head":"<!-- This site is optimized with the Yoast SEO plugin v27.4 - https:\/\/yoast.com\/product\/yoast-seo-wordpress\/ -->\n<title>Investing in Real Estate in Brazil | Market Insights and Opportunities<\/title>\n<meta name=\"description\" content=\"Explore real estate opportunities in Brazil. Insights into the market, property acquisition process and investment potential across different regions.\" \/>\n<meta name=\"robots\" content=\"index, follow, max-snippet:-1, max-image-preview:large, max-video-preview:-1\" \/>\n<link rel=\"canonical\" href=\"https:\/\/ipanemainternational.com\/pt\/real-estate-in-brazil\/\" \/>\n<meta property=\"og:locale\" content=\"pt_BR\" \/>\n<meta property=\"og:type\" content=\"article\" \/>\n<meta property=\"og:title\" content=\"Investing in Real Estate in Brazil | Market Insights and Opportunities\" \/>\n<meta property=\"og:description\" content=\"Explore real estate opportunities in Brazil. Insights into the market, property acquisition process and investment potential across different regions.\" \/>\n<meta property=\"og:url\" content=\"https:\/\/ipanemainternational.com\/pt\/real-estate-in-brazil\/\" \/>\n<meta property=\"og:site_name\" content=\"Ipanema International\" \/>\n<meta property=\"article:modified_time\" content=\"2026-04-21T16:06:59+00:00\" \/>\n<meta property=\"og:image\" content=\"https:\/\/ipanemainternational.com\/wp-content\/uploads\/2026\/03\/8-1-e1775695138716.webp\" \/>\n\t<meta property=\"og:image:width\" content=\"1920\" \/>\n\t<meta property=\"og:image:height\" content=\"1080\" \/>\n\t<meta property=\"og:image:type\" content=\"image\/webp\" \/>\n<meta name=\"twitter:card\" content=\"summary_large_image\" \/>\n<meta name=\"twitter:label1\" content=\"Est. reading time\" \/>\n\t<meta name=\"twitter:data1\" content=\"1 minuto\" \/>\n<script type=\"application\/ld+json\" class=\"yoast-schema-graph\">{\"@context\":\"https:\\\/\\\/schema.org\",\"@graph\":[{\"@type\":\"WebPage\",\"@id\":\"https:\\\/\\\/ipanemainternational.com\\\/real-estate-in-brazil\\\/\",\"url\":\"https:\\\/\\\/ipanemainternational.com\\\/real-estate-in-brazil\\\/\",\"name\":\"Investing in Real Estate in Brazil | Market Insights and Opportunities\",\"isPartOf\":{\"@id\":\"https:\\\/\\\/ipanemainternational.com\\\/#website\"},\"datePublished\":\"2026-04-01T15:09:52+00:00\",\"dateModified\":\"2026-04-21T16:06:59+00:00\",\"description\":\"Explore real estate opportunities in Brazil. Insights into the market, property acquisition process and investment potential across different regions.\",\"breadcrumb\":{\"@id\":\"https:\\\/\\\/ipanemainternational.com\\\/real-estate-in-brazil\\\/#breadcrumb\"},\"inLanguage\":\"pt-BR\",\"potentialAction\":[{\"@type\":\"ReadAction\",\"target\":[\"https:\\\/\\\/ipanemainternational.com\\\/real-estate-in-brazil\\\/\"]}]},{\"@type\":\"BreadcrumbList\",\"@id\":\"https:\\\/\\\/ipanemainternational.com\\\/real-estate-in-brazil\\\/#breadcrumb\",\"itemListElement\":[{\"@type\":\"ListItem\",\"position\":1,\"name\":\"Home\",\"item\":\"https:\\\/\\\/ipanemainternational.com\\\/\"},{\"@type\":\"ListItem\",\"position\":2,\"name\":\"Real Estate Investments\"}]},{\"@type\":\"WebSite\",\"@id\":\"https:\\\/\\\/ipanemainternational.com\\\/#website\",\"url\":\"https:\\\/\\\/ipanemainternational.com\\\/\",\"name\":\"Ipanema International\",\"description\":\"Your Brazilian Connection\",\"publisher\":{\"@id\":\"https:\\\/\\\/ipanemainternational.com\\\/#organization\"},\"potentialAction\":[{\"@type\":\"SearchAction\",\"target\":{\"@type\":\"EntryPoint\",\"urlTemplate\":\"https:\\\/\\\/ipanemainternational.com\\\/?s={search_term_string}\"},\"query-input\":{\"@type\":\"PropertyValueSpecification\",\"valueRequired\":true,\"valueName\":\"search_term_string\"}}],\"inLanguage\":\"pt-BR\"},{\"@type\":\"Organization\",\"@id\":\"https:\\\/\\\/ipanemainternational.com\\\/#organization\",\"name\":\"Ipanema International\",\"url\":\"https:\\\/\\\/ipanemainternational.com\\\/\",\"logo\":{\"@type\":\"ImageObject\",\"inLanguage\":\"pt-BR\",\"@id\":\"https:\\\/\\\/ipanemainternational.com\\\/#\\\/schema\\\/logo\\\/image\\\/\",\"url\":\"https:\\\/\\\/ipanemainternational.com\\\/wp-content\\\/uploads\\\/2026\\\/03\\\/Transparant.png\",\"contentUrl\":\"https:\\\/\\\/ipanemainternational.com\\\/wp-content\\\/uploads\\\/2026\\\/03\\\/Transparant.png\",\"width\":400,\"height\":300,\"caption\":\"Ipanema International\"},\"image\":{\"@id\":\"https:\\\/\\\/ipanemainternational.com\\\/#\\\/schema\\\/logo\\\/image\\\/\"},\"sameAs\":[\"https:\\\/\\\/www.linkedin.com\\\/company\\\/ipanema-international\",\"https:\\\/\\\/www.instagram.com\\\/ipanemainternational\\\/\"]}]}<\/script>\n<!-- \/ Yoast SEO plugin. -->","yoast_head_json":{"title":"Investing in Real Estate in Brazil | Market Insights and Opportunities","description":"Explore real estate opportunities in Brazil. Insights into the market, property acquisition process and investment potential across different regions.","robots":{"index":"index","follow":"follow","max-snippet":"max-snippet:-1","max-image-preview":"max-image-preview:large","max-video-preview":"max-video-preview:-1"},"canonical":"https:\/\/ipanemainternational.com\/pt\/real-estate-in-brazil\/","og_locale":"pt_BR","og_type":"article","og_title":"Investing in Real Estate in Brazil | Market Insights and Opportunities","og_description":"Explore real estate opportunities in Brazil. Insights into the market, property acquisition process and investment potential across different regions.","og_url":"https:\/\/ipanemainternational.com\/pt\/real-estate-in-brazil\/","og_site_name":"Ipanema International","article_modified_time":"2026-04-21T16:06:59+00:00","og_image":[{"width":1920,"height":1080,"url":"https:\/\/ipanemainternational.com\/wp-content\/uploads\/2026\/03\/8-1-e1775695138716.webp","type":"image\/webp"}],"twitter_card":"summary_large_image","twitter_misc":{"Est. reading time":"1 minuto"},"schema":{"@context":"https:\/\/schema.org","@graph":[{"@type":"WebPage","@id":"https:\/\/ipanemainternational.com\/real-estate-in-brazil\/","url":"https:\/\/ipanemainternational.com\/real-estate-in-brazil\/","name":"Investing in Real Estate in Brazil | Market Insights and Opportunities","isPartOf":{"@id":"https:\/\/ipanemainternational.com\/#website"},"datePublished":"2026-04-01T15:09:52+00:00","dateModified":"2026-04-21T16:06:59+00:00","description":"Explore real estate opportunities in Brazil. Insights into the market, property acquisition process and investment potential across different regions.","breadcrumb":{"@id":"https:\/\/ipanemainternational.com\/real-estate-in-brazil\/#breadcrumb"},"inLanguage":"pt-BR","potentialAction":[{"@type":"ReadAction","target":["https:\/\/ipanemainternational.com\/real-estate-in-brazil\/"]}]},{"@type":"BreadcrumbList","@id":"https:\/\/ipanemainternational.com\/real-estate-in-brazil\/#breadcrumb","itemListElement":[{"@type":"ListItem","position":1,"name":"Home","item":"https:\/\/ipanemainternational.com\/"},{"@type":"ListItem","position":2,"name":"Real Estate Investments"}]},{"@type":"WebSite","@id":"https:\/\/ipanemainternational.com\/#website","url":"https:\/\/ipanemainternational.com\/","name":"Ipanema International","description":"Your Brazilian Connection","publisher":{"@id":"https:\/\/ipanemainternational.com\/#organization"},"potentialAction":[{"@type":"SearchAction","target":{"@type":"EntryPoint","urlTemplate":"https:\/\/ipanemainternational.com\/?s={search_term_string}"},"query-input":{"@type":"PropertyValueSpecification","valueRequired":true,"valueName":"search_term_string"}}],"inLanguage":"pt-BR"},{"@type":"Organization","@id":"https:\/\/ipanemainternational.com\/#organization","name":"Ipanema International","url":"https:\/\/ipanemainternational.com\/","logo":{"@type":"ImageObject","inLanguage":"pt-BR","@id":"https:\/\/ipanemainternational.com\/#\/schema\/logo\/image\/","url":"https:\/\/ipanemainternational.com\/wp-content\/uploads\/2026\/03\/Transparant.png","contentUrl":"https:\/\/ipanemainternational.com\/wp-content\/uploads\/2026\/03\/Transparant.png","width":400,"height":300,"caption":"Ipanema International"},"image":{"@id":"https:\/\/ipanemainternational.com\/#\/schema\/logo\/image\/"},"sameAs":["https:\/\/www.linkedin.com\/company\/ipanema-international","https:\/\/www.instagram.com\/ipanemainternational\/"]}]}},"_links":{"self":[{"href":"https:\/\/ipanemainternational.com\/pt\/wp-json\/wp\/v2\/pages\/4756","targetHints":{"allow":["GET"]}}],"collection":[{"href":"https:\/\/ipanemainternational.com\/pt\/wp-json\/wp\/v2\/pages"}],"about":[{"href":"https:\/\/ipanemainternational.com\/pt\/wp-json\/wp\/v2\/types\/page"}],"author":[{"embeddable":true,"href":"https:\/\/ipanemainternational.com\/pt\/wp-json\/wp\/v2\/users\/2"}],"replies":[{"embeddable":true,"href":"https:\/\/ipanemainternational.com\/pt\/wp-json\/wp\/v2\/comments?post=4756"}],"version-history":[{"count":51,"href":"https:\/\/ipanemainternational.com\/pt\/wp-json\/wp\/v2\/pages\/4756\/revisions"}],"predecessor-version":[{"id":6952,"href":"https:\/\/ipanemainternational.com\/pt\/wp-json\/wp\/v2\/pages\/4756\/revisions\/6952"}],"wp:attachment":[{"href":"https:\/\/ipanemainternational.com\/pt\/wp-json\/wp\/v2\/media?parent=4756"}],"curies":[{"name":"wp","href":"https:\/\/api.w.org\/{rel}","templated":true}]}}