{"id":4754,"date":"2026-04-01T15:14:43","date_gmt":"2026-04-01T15:14:43","guid":{"rendered":"https:\/\/ipanemainternational.com\/?page_id=4754"},"modified":"2026-04-21T17:54:21","modified_gmt":"2026-04-21T17:54:21","slug":"market-entry-brazil","status":"publish","type":"page","link":"https:\/\/ipanemainternational.com\/pt\/market-entry-brazil\/","title":{"rendered":"Market Entry &#038; Back-Office"},"content":{"rendered":"<div data-elementor-type=\"wp-page\" data-elementor-id=\"4754\" class=\"elementor elementor-4754\" data-elementor-post-type=\"page\">\n\t\t\t\t<div class=\"elementor-element elementor-element-80e7ec0 e-con-full e-flex e-con e-parent\" data-id=\"80e7ec0\" data-element_type=\"container\" data-e-type=\"container\" data-settings=\"{&quot;background_background&quot;:&quot;classic&quot;}\">\n\t\t\t\t<div class=\"elementor-element elementor-element-c8ca697 elementor-widget elementor-widget-heading\" data-id=\"c8ca697\" data-element_type=\"widget\" data-e-type=\"widget\" data-widget_type=\"heading.default\">\n\t\t\t\t\t<h1 class=\"elementor-heading-title elementor-size-default\">Entrada no Mercado &amp; Back-Office<\/h1>\t\t\t\t<\/div>\n\t\t\t\t<\/div>\n\t\t<div class=\"elementor-element elementor-element-d645516 e-flex e-con-boxed e-con e-parent\" data-id=\"d645516\" data-element_type=\"container\" data-e-type=\"container\">\n\t\t\t\t\t<div class=\"e-con-inner\">\n\t\t\t\t<div class=\"elementor-element elementor-element-ce8596d elementor-widget elementor-widget-spacer\" data-id=\"ce8596d\" data-element_type=\"widget\" data-e-type=\"widget\" data-widget_type=\"spacer.default\">\n\t\t\t\t\t\t\t<div class=\"elementor-spacer\">\n\t\t\t<div class=\"elementor-spacer-inner\"><\/div>\n\t\t<\/div>\n\t\t\t\t\t\t<\/div>\n\t\t\t\t\t<\/div>\n\t\t\t\t<\/div>\n\t\t<div class=\"elementor-element elementor-element-9dc4ceb e-flex e-con-boxed e-con e-parent\" data-id=\"9dc4ceb\" data-element_type=\"container\" data-e-type=\"container\">\n\t\t\t\t\t<div class=\"e-con-inner\">\n\t\t<div class=\"elementor-element elementor-element-c4a71d7 e-con-full e-flex e-con e-child\" data-id=\"c4a71d7\" data-element_type=\"container\" data-e-type=\"container\">\n\t\t<div class=\"elementor-element elementor-element-468faac e-con-full e-flex e-con e-child\" data-id=\"468faac\" data-element_type=\"container\" data-e-type=\"container\">\n\t\t\t\t<div class=\"elementor-element elementor-element-4b0e29d elementor-widget elementor-widget-heading\" data-id=\"4b0e29d\" data-element_type=\"widget\" data-e-type=\"widget\" data-widget_type=\"heading.default\">\n\t\t\t\t\t<h2 class=\"elementor-heading-title elementor-size-default\">O QUE FAZEMOS<\/h2>\t\t\t\t<\/div>\n\t\t\t\t<\/div>\n\t\t\t\t<div class=\"elementor-element elementor-element-a950efe elementor-widget elementor-widget-text-editor\" data-id=\"a950efe\" data-element_type=\"widget\" data-e-type=\"widget\" data-widget_type=\"text-editor.default\">\n\t\t\t\t\t\t\t\t\t<p class=\"p1 translation-block\">Expandir para o Brasil exige mais do que apenas potencial de mercado. As empresas enfrentam desafios relacionados \u00e0 entrada no mercado, estrutura\u00e7\u00e3o jur\u00eddica, conformidade regulat\u00f3ria e opera\u00e7\u00f5es do dia a dia em um ambiente complexo e altamente regulado.<\/p><p class=\"p1 translation-block\">Apoiamos empresas e empreendedores na abordagem desses desafios, oferecendo servi\u00e7os nas \u00e1reas estrat\u00e9gica, jur\u00eddica, fiscal e operacional. Isso inclui orienta\u00e7\u00e3o sobre entrada no mercado e desenvolvimento de business case, abertura de empresas, representa\u00e7\u00e3o jur\u00eddica e a defini\u00e7\u00e3o de uma estrutura societ\u00e1ria e tribut\u00e1ria adequada.<\/p><p class=\"p1 translation-block\">Al\u00e9m disso, prestamos suporte em atividades recorrentes, como contabilidade, folha de pagamento e compliance, bem como em quest\u00f5es de com\u00e9rcio e log\u00edstica, incluindo planejamento da cadeia de suprimentos, transporte e gest\u00e3o aduaneira. Quando relevante, conectamos nossos clientes a parceiros locais de confian\u00e7a e apoiamos a colabora\u00e7\u00e3o com stakeholders no pa\u00eds.<\/p>\t\t\t\t\t\t\t\t<\/div>\n\t\t\t\t<\/div>\n\t\t\t\t\t<\/div>\n\t\t\t\t<\/div>\n\t\t<div class=\"elementor-element elementor-element-320679f e-flex e-con-boxed e-con e-parent\" data-id=\"320679f\" data-element_type=\"container\" data-e-type=\"container\">\n\t\t\t\t\t<div class=\"e-con-inner\">\n\t\t\t\t<div class=\"elementor-element elementor-element-73da808 elementor-widget elementor-widget-spacer\" data-id=\"73da808\" data-element_type=\"widget\" data-e-type=\"widget\" data-widget_type=\"spacer.default\">\n\t\t\t\t\t\t\t<div class=\"elementor-spacer\">\n\t\t\t<div class=\"elementor-spacer-inner\"><\/div>\n\t\t<\/div>\n\t\t\t\t\t\t<\/div>\n\t\t\t\t\t<\/div>\n\t\t\t\t<\/div>\n\t\t<div class=\"elementor-element elementor-element-183f5fe e-flex e-con-boxed e-con e-parent\" data-id=\"183f5fe\" data-element_type=\"container\" data-e-type=\"container\">\n\t\t\t\t\t<div class=\"e-con-inner\">\n\t\t<div class=\"elementor-element elementor-element-9d6c5d9 e-con-full e-flex e-con e-child\" data-id=\"9d6c5d9\" data-element_type=\"container\" data-e-type=\"container\">\n\t\t\t\t<div class=\"elementor-element elementor-element-287a7ce elementor-widget elementor-widget-heading\" data-id=\"287a7ce\" data-element_type=\"widget\" data-e-type=\"widget\" data-widget_type=\"heading.default\">\n\t\t\t\t\t<div class=\"elementor-heading-title elementor-size-default\">Entrada no Mercado &amp; Back-Office<\/div>\t\t\t\t<\/div>\n\t\t\t\t<div class=\"elementor-element elementor-element-db3765a elementor-widget elementor-widget-heading\" data-id=\"db3765a\" data-element_type=\"widget\" data-e-type=\"widget\" data-widget_type=\"heading.default\">\n\t\t\t\t\t<h2 class=\"elementor-heading-title elementor-size-default\">EXPLORE NOSSOS SERVI\u00c7OS<\/h2>\t\t\t\t<\/div>\n\t\t\t\t<\/div>\n\t\t\t\t\t<\/div>\n\t\t\t\t<\/div>\n\t\t<div class=\"elementor-element elementor-element-5c32c72 e-grid e-con-boxed e-con e-parent\" data-id=\"5c32c72\" data-element_type=\"container\" data-e-type=\"container\">\n\t\t\t\t\t<div class=\"e-con-inner\">\n\t\t<div class=\"elementor-element elementor-element-4b753d0 e-con-full e-flex e-con e-child\" data-id=\"4b753d0\" data-element_type=\"container\" data-e-type=\"container\">\n\t\t\t\t<div class=\"elementor-element elementor-element-c4c80d0 elementor-align-justify elementor-widget elementor-widget-button\" data-id=\"c4c80d0\" data-element_type=\"widget\" data-e-type=\"widget\" data-widget_type=\"button.default\">\n\t\t\t\t\t\t\t\t\t\t<a class=\"elementor-button elementor-button-link elementor-size-sm\" href=\"https:\/\/ipanemainternational.com\/pt\/market-entry-brazil\/strategy-implementation\/\">\n\t\t\t\t\t\t<span class=\"elementor-button-content-wrapper\">\n\t\t\t\t\t\t\t\t\t<span class=\"elementor-button-text\">Estrat\u00e9gia &amp; Implementa\u00e7\u00e3o<\/span>\n\t\t\t\t\t<\/span>\n\t\t\t\t\t<\/a>\n\t\t\t\t\t\t\t\t<\/div>\n\t\t\t\t<\/div>\n\t\t<div class=\"elementor-element elementor-element-f00b085 e-con-full e-flex e-con e-child\" data-id=\"f00b085\" data-element_type=\"container\" data-e-type=\"container\">\n\t\t\t\t<div class=\"elementor-element elementor-element-a6d3e81 elementor-align-justify elementor-widget elementor-widget-button\" data-id=\"a6d3e81\" data-element_type=\"widget\" data-e-type=\"widget\" data-widget_type=\"button.default\">\n\t\t\t\t\t\t\t\t\t\t<a class=\"elementor-button elementor-button-link elementor-size-sm\" href=\"https:\/\/ipanemainternational.com\/pt\/business-in-brazil\/business-operations-outsourcing\/\">\n\t\t\t\t\t\t<span class=\"elementor-button-content-wrapper\">\n\t\t\t\t\t\t\t\t\t<span class=\"elementor-button-text\">Terceiriza\u00e7\u00e3o de Opera\u00e7\u00f5es Empresariais<\/span>\n\t\t\t\t\t<\/span>\n\t\t\t\t\t<\/a>\n\t\t\t\t\t\t\t\t<\/div>\n\t\t\t\t<\/div>\n\t\t<div class=\"elementor-element elementor-element-ec8bdd8 e-con-full e-flex e-con e-child\" data-id=\"ec8bdd8\" data-element_type=\"container\" data-e-type=\"container\">\n\t\t\t\t<div class=\"elementor-element elementor-element-0fc6edc elementor-align-justify elementor-widget elementor-widget-button\" data-id=\"0fc6edc\" data-element_type=\"widget\" data-e-type=\"widget\" data-widget_type=\"button.default\">\n\t\t\t\t\t\t\t\t\t\t<a class=\"elementor-button elementor-button-link elementor-size-sm\" href=\"https:\/\/ipanemainternational.com\/pt\/business-in-brazil\/company-formation\/\">\n\t\t\t\t\t\t<span class=\"elementor-button-content-wrapper\">\n\t\t\t\t\t\t\t\t\t<span class=\"elementor-button-text\">Abertura de Empresas<\/span>\n\t\t\t\t\t<\/span>\n\t\t\t\t\t<\/a>\n\t\t\t\t\t\t\t\t<\/div>\n\t\t\t\t<\/div>\n\t\t<div class=\"elementor-element elementor-element-de484e5 e-con-full e-flex e-con e-child\" data-id=\"de484e5\" data-element_type=\"container\" data-e-type=\"container\">\n\t\t\t\t<div class=\"elementor-element elementor-element-a79ddef elementor-align-justify elementor-widget elementor-widget-button\" data-id=\"a79ddef\" data-element_type=\"widget\" data-e-type=\"widget\" data-widget_type=\"button.default\">\n\t\t\t\t\t\t\t\t\t\t<a class=\"elementor-button elementor-button-link elementor-size-sm\" href=\"https:\/\/ipanemainternational.com\/pt\/business-in-brazil\/trade-logistics\/\">\n\t\t\t\t\t\t<span class=\"elementor-button-content-wrapper\">\n\t\t\t\t\t\t\t\t\t<span class=\"elementor-button-text\">Com\u00e9rcio &amp; Log\u00edstica<\/span>\n\t\t\t\t\t<\/span>\n\t\t\t\t\t<\/a>\n\t\t\t\t\t\t\t\t<\/div>\n\t\t\t\t<\/div>\n\t\t<div class=\"elementor-element elementor-element-eae06ea e-con-full e-flex e-con e-child\" data-id=\"eae06ea\" data-element_type=\"container\" data-e-type=\"container\">\n\t\t\t\t<div class=\"elementor-element elementor-element-c3e2594 elementor-align-justify elementor-widget elementor-widget-button\" data-id=\"c3e2594\" data-element_type=\"widget\" data-e-type=\"widget\" data-widget_type=\"button.default\">\n\t\t\t\t\t\t\t\t\t\t<a class=\"elementor-button elementor-button-link elementor-size-sm\" href=\"https:\/\/ipanemainternational.com\/pt\/business-in-brazil\/legal-representation\/\">\n\t\t\t\t\t\t<span class=\"elementor-button-content-wrapper\">\n\t\t\t\t\t\t\t\t\t<span class=\"elementor-button-text\">Representa\u00e7\u00e3o Jur\u00eddica<\/span>\n\t\t\t\t\t<\/span>\n\t\t\t\t\t<\/a>\n\t\t\t\t\t\t\t\t<\/div>\n\t\t\t\t<\/div>\n\t\t<div class=\"elementor-element elementor-element-ef53a04 e-con-full e-flex e-con e-child\" data-id=\"ef53a04\" data-element_type=\"container\" data-e-type=\"container\">\n\t\t\t\t<div class=\"elementor-element elementor-element-874b894 elementor-align-justify elementor-widget elementor-widget-button\" data-id=\"874b894\" data-element_type=\"widget\" data-e-type=\"widget\" data-widget_type=\"button.default\">\n\t\t\t\t\t\t\t\t\t\t<a class=\"elementor-button elementor-button-link elementor-size-sm\" href=\"https:\/\/ipanemainternational.com\/pt\/business-in-brazil\/corporate-services\/\">\n\t\t\t\t\t\t<span class=\"elementor-button-content-wrapper\">\n\t\t\t\t\t\t\t\t\t<span class=\"elementor-button-text\">Servi\u00e7os Corporativos<\/span>\n\t\t\t\t\t<\/span>\n\t\t\t\t\t<\/a>\n\t\t\t\t\t\t\t\t<\/div>\n\t\t\t\t<\/div>\n\t\t\t\t\t<\/div>\n\t\t\t\t<\/div>\n\t\t<div class=\"elementor-element elementor-element-47f4b7c e-flex e-con-boxed e-con e-parent\" data-id=\"47f4b7c\" data-element_type=\"container\" data-e-type=\"container\">\n\t\t\t\t\t<div class=\"e-con-inner\">\n\t\t\t\t<div class=\"elementor-element elementor-element-7d1c731 elementor-widget elementor-widget-theme-site-logo elementor-widget-image\" data-id=\"7d1c731\" data-element_type=\"widget\" data-e-type=\"widget\" data-widget_type=\"theme-site-logo.default\">\n\t\t\t\t\t\t\t\t\t\t\t<a href=\"https:\/\/ipanemainternational.com\/pt\">\n\t\t\t<img fetchpriority=\"high\" decoding=\"async\" width=\"400\" height=\"300\" src=\"https:\/\/ipanemainternational.com\/wp-content\/uploads\/2026\/03\/Transparant.png\" class=\"attachment-full size-full wp-image-3374\" alt=\"\" srcset=\"https:\/\/ipanemainternational.com\/wp-content\/uploads\/2026\/03\/Transparant.png 400w, https:\/\/ipanemainternational.com\/wp-content\/uploads\/2026\/03\/Transparant-300x225.png 300w\" sizes=\"(max-width: 400px) 100vw, 400px\" \/>\t\t\t\t<\/a>\n\t\t\t\t\t\t\t\t\t\t\t<\/div>\n\t\t\t\t<div class=\"elementor-element elementor-element-4dc512d elementor-widget elementor-widget-heading\" data-id=\"4dc512d\" data-element_type=\"widget\" data-e-type=\"widget\" data-widget_type=\"heading.default\">\n\t\t\t\t\t<h2 class=\"elementor-heading-title elementor-size-default\">Your \nBrazilian \nConnection<\/h2>\t\t\t\t<\/div>\n\t\t\t\t\t<\/div>\n\t\t\t\t<\/div>\n\t\t\t\t<\/div>","protected":false},"excerpt":{"rendered":"<p>Market Entry &amp; Back-Office What we do Expanding into Brazil requires more than market potential alone. Companies are faced with questions around market entry, legal structuring, regulatory compliance and day-to-day operations in a complex and highly regulated environment. We support businesses and entrepreneurs in addressing these challenges, providing services across strategy, legal, fiscal and operational [&hellip;]<\/p>\n","protected":false},"author":2,"featured_media":0,"parent":0,"menu_order":2,"comment_status":"closed","ping_status":"closed","template":"","meta":{"footnotes":""},"class_list":["post-4754","page","type-page","status-publish","hentry"],"yoast_head":"<!-- This site is optimized with the Yoast SEO plugin v27.4 - https:\/\/yoast.com\/product\/yoast-seo-wordpress\/ -->\n<title>Doing Business in Brazil | Market Entry, Legal and Operational Support<\/title>\n<meta name=\"description\" content=\"Doing business in Brazil requires a structured approach. We support companies with market entry, legal, tax and operational guidance.\" \/>\n<meta name=\"robots\" content=\"index, follow, max-snippet:-1, max-image-preview:large, max-video-preview:-1\" \/>\n<link rel=\"canonical\" href=\"https:\/\/ipanemainternational.com\/pt\/market-entry-brazil\/\" \/>\n<meta property=\"og:locale\" content=\"pt_BR\" \/>\n<meta property=\"og:type\" content=\"article\" \/>\n<meta property=\"og:title\" content=\"Doing Business in Brazil | Market Entry, Legal and Operational Support\" \/>\n<meta property=\"og:description\" content=\"Doing business in Brazil requires a structured approach. We support companies with market entry, legal, tax and operational guidance.\" \/>\n<meta property=\"og:url\" content=\"https:\/\/ipanemainternational.com\/pt\/market-entry-brazil\/\" \/>\n<meta property=\"og:site_name\" content=\"Ipanema International\" \/>\n<meta property=\"article:modified_time\" content=\"2026-04-21T17:54:21+00:00\" \/>\n<meta property=\"og:image\" content=\"https:\/\/ipanemainternational.com\/wp-content\/uploads\/2026\/03\/8-1-e1775695138716.webp\" \/>\n\t<meta property=\"og:image:width\" content=\"1920\" \/>\n\t<meta property=\"og:image:height\" content=\"1080\" \/>\n\t<meta property=\"og:image:type\" content=\"image\/webp\" \/>\n<meta name=\"twitter:card\" content=\"summary_large_image\" \/>\n<meta name=\"twitter:label1\" content=\"Est. reading time\" \/>\n\t<meta name=\"twitter:data1\" content=\"1 minuto\" \/>\n<script type=\"application\/ld+json\" class=\"yoast-schema-graph\">{\"@context\":\"https:\\\/\\\/schema.org\",\"@graph\":[{\"@type\":\"WebPage\",\"@id\":\"https:\\\/\\\/ipanemainternational.com\\\/market-entry-brazil\\\/\",\"url\":\"https:\\\/\\\/ipanemainternational.com\\\/market-entry-brazil\\\/\",\"name\":\"Doing Business in Brazil | Market Entry, Legal and Operational Support\",\"isPartOf\":{\"@id\":\"https:\\\/\\\/ipanemainternational.com\\\/#website\"},\"datePublished\":\"2026-04-01T15:14:43+00:00\",\"dateModified\":\"2026-04-21T17:54:21+00:00\",\"description\":\"Doing business in Brazil requires a structured approach. We support companies with market entry, legal, tax and operational guidance.\",\"breadcrumb\":{\"@id\":\"https:\\\/\\\/ipanemainternational.com\\\/market-entry-brazil\\\/#breadcrumb\"},\"inLanguage\":\"pt-BR\",\"potentialAction\":[{\"@type\":\"ReadAction\",\"target\":[\"https:\\\/\\\/ipanemainternational.com\\\/market-entry-brazil\\\/\"]}]},{\"@type\":\"BreadcrumbList\",\"@id\":\"https:\\\/\\\/ipanemainternational.com\\\/market-entry-brazil\\\/#breadcrumb\",\"itemListElement\":[{\"@type\":\"ListItem\",\"position\":1,\"name\":\"Home\",\"item\":\"https:\\\/\\\/ipanemainternational.com\\\/\"},{\"@type\":\"ListItem\",\"position\":2,\"name\":\"Market Entry &#038; Back-Office\"}]},{\"@type\":\"WebSite\",\"@id\":\"https:\\\/\\\/ipanemainternational.com\\\/#website\",\"url\":\"https:\\\/\\\/ipanemainternational.com\\\/\",\"name\":\"Ipanema International\",\"description\":\"Your Brazilian Connection\",\"publisher\":{\"@id\":\"https:\\\/\\\/ipanemainternational.com\\\/#organization\"},\"potentialAction\":[{\"@type\":\"SearchAction\",\"target\":{\"@type\":\"EntryPoint\",\"urlTemplate\":\"https:\\\/\\\/ipanemainternational.com\\\/?s={search_term_string}\"},\"query-input\":{\"@type\":\"PropertyValueSpecification\",\"valueRequired\":true,\"valueName\":\"search_term_string\"}}],\"inLanguage\":\"pt-BR\"},{\"@type\":\"Organization\",\"@id\":\"https:\\\/\\\/ipanemainternational.com\\\/#organization\",\"name\":\"Ipanema International\",\"url\":\"https:\\\/\\\/ipanemainternational.com\\\/\",\"logo\":{\"@type\":\"ImageObject\",\"inLanguage\":\"pt-BR\",\"@id\":\"https:\\\/\\\/ipanemainternational.com\\\/#\\\/schema\\\/logo\\\/image\\\/\",\"url\":\"https:\\\/\\\/ipanemainternational.com\\\/wp-content\\\/uploads\\\/2026\\\/03\\\/Transparant.png\",\"contentUrl\":\"https:\\\/\\\/ipanemainternational.com\\\/wp-content\\\/uploads\\\/2026\\\/03\\\/Transparant.png\",\"width\":400,\"height\":300,\"caption\":\"Ipanema International\"},\"image\":{\"@id\":\"https:\\\/\\\/ipanemainternational.com\\\/#\\\/schema\\\/logo\\\/image\\\/\"},\"sameAs\":[\"https:\\\/\\\/www.linkedin.com\\\/company\\\/ipanema-international\",\"https:\\\/\\\/www.instagram.com\\\/ipanemainternational\\\/\"]}]}<\/script>\n<!-- \/ Yoast SEO plugin. -->","yoast_head_json":{"title":"Doing Business in Brazil | Market Entry, Legal and Operational Support","description":"Doing business in Brazil requires a structured approach. We support companies with market entry, legal, tax and operational guidance.","robots":{"index":"index","follow":"follow","max-snippet":"max-snippet:-1","max-image-preview":"max-image-preview:large","max-video-preview":"max-video-preview:-1"},"canonical":"https:\/\/ipanemainternational.com\/pt\/market-entry-brazil\/","og_locale":"pt_BR","og_type":"article","og_title":"Doing Business in Brazil | Market Entry, Legal and Operational Support","og_description":"Doing business in Brazil requires a structured approach. We support companies with market entry, legal, tax and operational guidance.","og_url":"https:\/\/ipanemainternational.com\/pt\/market-entry-brazil\/","og_site_name":"Ipanema International","article_modified_time":"2026-04-21T17:54:21+00:00","og_image":[{"width":1920,"height":1080,"url":"https:\/\/ipanemainternational.com\/wp-content\/uploads\/2026\/03\/8-1-e1775695138716.webp","type":"image\/webp"}],"twitter_card":"summary_large_image","twitter_misc":{"Est. reading time":"1 minuto"},"schema":{"@context":"https:\/\/schema.org","@graph":[{"@type":"WebPage","@id":"https:\/\/ipanemainternational.com\/market-entry-brazil\/","url":"https:\/\/ipanemainternational.com\/market-entry-brazil\/","name":"Doing Business in Brazil | Market Entry, Legal and Operational Support","isPartOf":{"@id":"https:\/\/ipanemainternational.com\/#website"},"datePublished":"2026-04-01T15:14:43+00:00","dateModified":"2026-04-21T17:54:21+00:00","description":"Doing business in Brazil requires a structured approach. We support companies with market entry, legal, tax and operational guidance.","breadcrumb":{"@id":"https:\/\/ipanemainternational.com\/market-entry-brazil\/#breadcrumb"},"inLanguage":"pt-BR","potentialAction":[{"@type":"ReadAction","target":["https:\/\/ipanemainternational.com\/market-entry-brazil\/"]}]},{"@type":"BreadcrumbList","@id":"https:\/\/ipanemainternational.com\/market-entry-brazil\/#breadcrumb","itemListElement":[{"@type":"ListItem","position":1,"name":"Home","item":"https:\/\/ipanemainternational.com\/"},{"@type":"ListItem","position":2,"name":"Market Entry &#038; Back-Office"}]},{"@type":"WebSite","@id":"https:\/\/ipanemainternational.com\/#website","url":"https:\/\/ipanemainternational.com\/","name":"Ipanema International","description":"Your Brazilian Connection","publisher":{"@id":"https:\/\/ipanemainternational.com\/#organization"},"potentialAction":[{"@type":"SearchAction","target":{"@type":"EntryPoint","urlTemplate":"https:\/\/ipanemainternational.com\/?s={search_term_string}"},"query-input":{"@type":"PropertyValueSpecification","valueRequired":true,"valueName":"search_term_string"}}],"inLanguage":"pt-BR"},{"@type":"Organization","@id":"https:\/\/ipanemainternational.com\/#organization","name":"Ipanema International","url":"https:\/\/ipanemainternational.com\/","logo":{"@type":"ImageObject","inLanguage":"pt-BR","@id":"https:\/\/ipanemainternational.com\/#\/schema\/logo\/image\/","url":"https:\/\/ipanemainternational.com\/wp-content\/uploads\/2026\/03\/Transparant.png","contentUrl":"https:\/\/ipanemainternational.com\/wp-content\/uploads\/2026\/03\/Transparant.png","width":400,"height":300,"caption":"Ipanema International"},"image":{"@id":"https:\/\/ipanemainternational.com\/#\/schema\/logo\/image\/"},"sameAs":["https:\/\/www.linkedin.com\/company\/ipanema-international","https:\/\/www.instagram.com\/ipanemainternational\/"]}]}},"_links":{"self":[{"href":"https:\/\/ipanemainternational.com\/pt\/wp-json\/wp\/v2\/pages\/4754","targetHints":{"allow":["GET"]}}],"collection":[{"href":"https:\/\/ipanemainternational.com\/pt\/wp-json\/wp\/v2\/pages"}],"about":[{"href":"https:\/\/ipanemainternational.com\/pt\/wp-json\/wp\/v2\/types\/page"}],"author":[{"embeddable":true,"href":"https:\/\/ipanemainternational.com\/pt\/wp-json\/wp\/v2\/users\/2"}],"replies":[{"embeddable":true,"href":"https:\/\/ipanemainternational.com\/pt\/wp-json\/wp\/v2\/comments?post=4754"}],"version-history":[{"count":115,"href":"https:\/\/ipanemainternational.com\/pt\/wp-json\/wp\/v2\/pages\/4754\/revisions"}],"predecessor-version":[{"id":7027,"href":"https:\/\/ipanemainternational.com\/pt\/wp-json\/wp\/v2\/pages\/4754\/revisions\/7027"}],"wp:attachment":[{"href":"https:\/\/ipanemainternational.com\/pt\/wp-json\/wp\/v2\/media?parent=4754"}],"curies":[{"name":"wp","href":"https:\/\/api.w.org\/{rel}","templated":true}]}}