{"id":3344,"date":"2026-03-23T23:23:44","date_gmt":"2026-03-23T23:23:44","guid":{"rendered":"https:\/\/ipanemainternational.com\/juridische-vertegenwoordiging\/"},"modified":"2026-04-21T16:20:19","modified_gmt":"2026-04-21T16:20:19","slug":"legal-representation","status":"publish","type":"page","link":"https:\/\/ipanemainternational.com\/pt\/market-entry-brazil\/legal-representation\/","title":{"rendered":"Representa\u00e7\u00e3o Jur\u00eddica"},"content":{"rendered":"<div data-elementor-type=\"wp-page\" data-elementor-id=\"3344\" class=\"elementor elementor-3344\" data-elementor-post-type=\"page\">\n\t\t\t\t<div class=\"elementor-element elementor-element-6322581 e-con-full e-flex e-con e-parent\" data-id=\"6322581\" data-element_type=\"container\" data-e-type=\"container\" data-settings=\"{&quot;background_background&quot;:&quot;classic&quot;}\">\n\t\t\t\t<div class=\"elementor-element elementor-element-a4ad3b7 elementor-widget elementor-widget-heading\" data-id=\"a4ad3b7\" data-element_type=\"widget\" data-e-type=\"widget\" data-widget_type=\"heading.default\">\n\t\t\t\t\t<h1 class=\"elementor-heading-title elementor-size-default\">Representa\u00e7\u00e3o Jur\u00eddica<\/h1>\t\t\t\t<\/div>\n\t\t\t\t<div class=\"elementor-element elementor-element-8f60c5f elementor-widget elementor-widget-heading\" data-id=\"8f60c5f\" data-element_type=\"widget\" data-e-type=\"widget\" data-widget_type=\"heading.default\">\n\t\t\t\t\t<div class=\"elementor-heading-title elementor-size-default\">Entrada no Mercado &amp; Back-Office<\/div>\t\t\t\t<\/div>\n\t\t\t\t<\/div>\n\t\t<div class=\"elementor-element elementor-element-2cbbae8 e-flex e-con-boxed e-con e-parent\" data-id=\"2cbbae8\" data-element_type=\"container\" data-e-type=\"container\">\n\t\t\t\t\t<div class=\"e-con-inner\">\n\t\t\t\t<div class=\"elementor-element elementor-element-21406dd1 elementor-widget elementor-widget-spacer\" data-id=\"21406dd1\" data-element_type=\"widget\" data-e-type=\"widget\" data-widget_type=\"spacer.default\">\n\t\t\t\t\t\t\t<div class=\"elementor-spacer\">\n\t\t\t<div class=\"elementor-spacer-inner\"><\/div>\n\t\t<\/div>\n\t\t\t\t\t\t<\/div>\n\t\t\t\t\t<\/div>\n\t\t\t\t<\/div>\n\t\t<div class=\"elementor-element elementor-element-4bccb057 e-flex e-con-boxed e-con e-parent\" data-id=\"4bccb057\" data-element_type=\"container\" data-e-type=\"container\">\n\t\t\t\t\t<div class=\"e-con-inner\">\n\t\t<div class=\"elementor-element elementor-element-6128505d e-con-full e-flex e-con e-child\" data-id=\"6128505d\" data-element_type=\"container\" data-e-type=\"container\" data-settings=\"{&quot;background_background&quot;:&quot;classic&quot;}\">\n\t\t\t\t<div class=\"elementor-element elementor-element-15082d8d elementor-widget elementor-widget-heading\" data-id=\"15082d8d\" data-element_type=\"widget\" data-e-type=\"widget\" data-widget_type=\"heading.default\">\n\t\t\t\t\t<h2 class=\"elementor-heading-title elementor-size-default\">VIS\u00c3O GERAL<\/h2>\t\t\t\t<\/div>\n\t\t\t\t<div class=\"elementor-element elementor-element-55985183 elementor-widget elementor-widget-text-editor\" data-id=\"55985183\" data-element_type=\"widget\" data-e-type=\"widget\" data-widget_type=\"text-editor.default\">\n\t\t\t\t\t\t\t\t\t<p class=\"p1 translation-block\">Para a constitui\u00e7\u00e3o e opera\u00e7\u00e3o de uma empresa a partir do exterior, a legisla\u00e7\u00e3o brasileira exige que a empresa esteja legalmente representada no Brasil. Dessa forma, a abertura de uma subsidi\u00e1ria requer a nomea\u00e7\u00e3o de um representante legal local, seja pessoa f\u00edsica ou jur\u00eddica. Esse representante atua em nome da empresa estrangeira por meio de uma procura\u00e7\u00e3o.<\/p><p class=\"p1\">A procura\u00e7\u00e3o \u00e9 preparada previamente, com seu escopo ajustado \u00e0s necessidades espec\u00edficas da empresa estrangeira.<\/p>\t\t\t\t\t\t\t\t<\/div>\n\t\t\t\t<div class=\"elementor-element elementor-element-342d451 elementor-widget elementor-widget-heading\" data-id=\"342d451\" data-element_type=\"widget\" data-e-type=\"widget\" data-widget_type=\"heading.default\">\n\t\t\t\t\t<h2 class=\"elementor-heading-title elementor-size-default\">Nossos Servi\u00e7os<\/h2>\t\t\t\t<\/div>\n\t\t\t\t<div class=\"elementor-element elementor-element-5499c82 elementor-widget elementor-widget-text-editor\" data-id=\"5499c82\" data-element_type=\"widget\" data-e-type=\"widget\" data-widget_type=\"text-editor.default\">\n\t\t\t\t\t\t\t\t\t<p class=\"p1\">A Ipanema International, em coopera\u00e7\u00e3o com seu escrit\u00f3rio de advocacia parceiro, oferece aos clientes a possibilidade de representa\u00e7\u00e3o jur\u00eddica formal no Brasil. A procura\u00e7\u00e3o padr\u00e3o geralmente inclui:<\/p><ul><li><p class=\"p1\">constitui\u00e7\u00e3o e registro da entidade jur\u00eddica<\/p><\/li><li><p class=\"p1\">assinatura de documentos oficiais e contratos<\/p><\/li><li><p class=\"p1\">representa\u00e7\u00e3o perante \u00f3rg\u00e3os governamentais e autoridades fiscais<\/p><\/li><li><p class=\"p1\">abertura de conta banc\u00e1ria empresarial<\/p><\/li><li><p class=\"p1\">atua\u00e7\u00e3o em nome da empresa em processos judiciais<\/p><\/li><\/ul><p class=\"p1\">Se necess\u00e1rio, uma procura\u00e7\u00e3o adicional pode ser emitida para atividades espec\u00edficas, como gest\u00e3o de contas banc\u00e1rias, quest\u00f5es relacionadas a recursos humanos e fun\u00e7\u00f5es de tesouraria.<\/p>\t\t\t\t\t\t\t\t<\/div>\n\t\t\t\t<\/div>\n\t\t\t\t\t<\/div>\n\t\t\t\t<\/div>\n\t\t<div class=\"elementor-element elementor-element-31e84820 e-flex e-con-boxed e-con e-parent\" data-id=\"31e84820\" data-element_type=\"container\" data-e-type=\"container\">\n\t\t\t\t\t<div class=\"e-con-inner\">\n\t\t\t\t<div class=\"elementor-element elementor-element-18af011a elementor-widget elementor-widget-spacer\" data-id=\"18af011a\" data-element_type=\"widget\" data-e-type=\"widget\" data-widget_type=\"spacer.default\">\n\t\t\t\t\t\t\t<div class=\"elementor-spacer\">\n\t\t\t<div class=\"elementor-spacer-inner\"><\/div>\n\t\t<\/div>\n\t\t\t\t\t\t<\/div>\n\t\t\t\t\t<\/div>\n\t\t\t\t<\/div>\n\t\t\t\t<\/div>","protected":false},"excerpt":{"rendered":"<p>Legal Representation Market Entry &amp; Back-Office Overview For the incorporation and operation of a company from abroad, Brazilian law requires that the business is legally represented within Brazil. Establishing a subsidiary therefore requires the appointment of a local legal representative, either an individual or a legal entity. This representative acts on behalf of the foreign [&hellip;]<\/p>\n","protected":false},"author":2,"featured_media":0,"parent":4754,"menu_order":3,"comment_status":"closed","ping_status":"closed","template":"","meta":{"footnotes":""},"class_list":["post-3344","page","type-page","status-publish","hentry"],"yoast_head":"<!-- This site is optimized with the Yoast SEO plugin v27.4 - https:\/\/yoast.com\/product\/yoast-seo-wordpress\/ -->\n<title>Legal Representation in Brazil | Local Representative for Foreign Companies<\/title>\n<meta name=\"description\" content=\"Foreign companies in Brazil require legal representation. We provide local representatives, power of attorney and support for compliance and operations.\" \/>\n<meta name=\"robots\" content=\"index, follow, max-snippet:-1, max-image-preview:large, max-video-preview:-1\" \/>\n<link rel=\"canonical\" href=\"https:\/\/ipanemainternational.com\/pt\/market-entry-brazil\/legal-representation\/\" \/>\n<meta property=\"og:locale\" content=\"pt_BR\" \/>\n<meta property=\"og:type\" content=\"article\" \/>\n<meta property=\"og:title\" content=\"Legal Representation in Brazil | Local Representative for Foreign Companies\" \/>\n<meta property=\"og:description\" content=\"Foreign companies in Brazil require legal representation. We provide local representatives, power of attorney and support for compliance and operations.\" \/>\n<meta property=\"og:url\" content=\"https:\/\/ipanemainternational.com\/pt\/market-entry-brazil\/legal-representation\/\" \/>\n<meta property=\"og:site_name\" content=\"Ipanema International\" \/>\n<meta property=\"article:modified_time\" content=\"2026-04-21T16:20:19+00:00\" \/>\n<meta property=\"og:image\" content=\"https:\/\/ipanemainternational.com\/wp-content\/uploads\/2026\/03\/8-1-e1775695138716.webp\" \/>\n\t<meta property=\"og:image:width\" content=\"1920\" \/>\n\t<meta property=\"og:image:height\" content=\"1080\" \/>\n\t<meta property=\"og:image:type\" content=\"image\/webp\" \/>\n<meta name=\"twitter:card\" content=\"summary_large_image\" \/>\n<meta name=\"twitter:label1\" content=\"Est. reading time\" \/>\n\t<meta name=\"twitter:data1\" content=\"1 minuto\" \/>\n<script type=\"application\/ld+json\" class=\"yoast-schema-graph\">{\"@context\":\"https:\\\/\\\/schema.org\",\"@graph\":[{\"@type\":\"WebPage\",\"@id\":\"https:\\\/\\\/ipanemainternational.com\\\/market-entry-brazil\\\/legal-representation\\\/\",\"url\":\"https:\\\/\\\/ipanemainternational.com\\\/market-entry-brazil\\\/legal-representation\\\/\",\"name\":\"Legal Representation in Brazil | Local Representative for Foreign Companies\",\"isPartOf\":{\"@id\":\"https:\\\/\\\/ipanemainternational.com\\\/#website\"},\"datePublished\":\"2026-03-23T23:23:44+00:00\",\"dateModified\":\"2026-04-21T16:20:19+00:00\",\"description\":\"Foreign companies in Brazil require legal representation. We provide local representatives, power of attorney and support for compliance and operations.\",\"breadcrumb\":{\"@id\":\"https:\\\/\\\/ipanemainternational.com\\\/market-entry-brazil\\\/legal-representation\\\/#breadcrumb\"},\"inLanguage\":\"pt-BR\",\"potentialAction\":[{\"@type\":\"ReadAction\",\"target\":[\"https:\\\/\\\/ipanemainternational.com\\\/market-entry-brazil\\\/legal-representation\\\/\"]}]},{\"@type\":\"BreadcrumbList\",\"@id\":\"https:\\\/\\\/ipanemainternational.com\\\/market-entry-brazil\\\/legal-representation\\\/#breadcrumb\",\"itemListElement\":[{\"@type\":\"ListItem\",\"position\":1,\"name\":\"Home\",\"item\":\"https:\\\/\\\/ipanemainternational.com\\\/\"},{\"@type\":\"ListItem\",\"position\":2,\"name\":\"Market Entry &#038; Back-Office\",\"item\":\"https:\\\/\\\/ipanemainternational.com\\\/market-entry-brazil\\\/\"},{\"@type\":\"ListItem\",\"position\":3,\"name\":\"Legal Representation\"}]},{\"@type\":\"WebSite\",\"@id\":\"https:\\\/\\\/ipanemainternational.com\\\/#website\",\"url\":\"https:\\\/\\\/ipanemainternational.com\\\/\",\"name\":\"Ipanema International\",\"description\":\"Your Brazilian Connection\",\"publisher\":{\"@id\":\"https:\\\/\\\/ipanemainternational.com\\\/#organization\"},\"potentialAction\":[{\"@type\":\"SearchAction\",\"target\":{\"@type\":\"EntryPoint\",\"urlTemplate\":\"https:\\\/\\\/ipanemainternational.com\\\/?s={search_term_string}\"},\"query-input\":{\"@type\":\"PropertyValueSpecification\",\"valueRequired\":true,\"valueName\":\"search_term_string\"}}],\"inLanguage\":\"pt-BR\"},{\"@type\":\"Organization\",\"@id\":\"https:\\\/\\\/ipanemainternational.com\\\/#organization\",\"name\":\"Ipanema International\",\"url\":\"https:\\\/\\\/ipanemainternational.com\\\/\",\"logo\":{\"@type\":\"ImageObject\",\"inLanguage\":\"pt-BR\",\"@id\":\"https:\\\/\\\/ipanemainternational.com\\\/#\\\/schema\\\/logo\\\/image\\\/\",\"url\":\"https:\\\/\\\/ipanemainternational.com\\\/wp-content\\\/uploads\\\/2026\\\/03\\\/Transparant.png\",\"contentUrl\":\"https:\\\/\\\/ipanemainternational.com\\\/wp-content\\\/uploads\\\/2026\\\/03\\\/Transparant.png\",\"width\":400,\"height\":300,\"caption\":\"Ipanema International\"},\"image\":{\"@id\":\"https:\\\/\\\/ipanemainternational.com\\\/#\\\/schema\\\/logo\\\/image\\\/\"},\"sameAs\":[\"https:\\\/\\\/www.linkedin.com\\\/company\\\/ipanema-international\",\"https:\\\/\\\/www.instagram.com\\\/ipanemainternational\\\/\"]}]}<\/script>\n<!-- \/ Yoast SEO plugin. -->","yoast_head_json":{"title":"Legal Representation in Brazil | Local Representative for Foreign Companies","description":"Foreign companies in Brazil require legal representation. We provide local representatives, power of attorney and support for compliance and operations.","robots":{"index":"index","follow":"follow","max-snippet":"max-snippet:-1","max-image-preview":"max-image-preview:large","max-video-preview":"max-video-preview:-1"},"canonical":"https:\/\/ipanemainternational.com\/pt\/market-entry-brazil\/legal-representation\/","og_locale":"pt_BR","og_type":"article","og_title":"Legal Representation in Brazil | Local Representative for Foreign Companies","og_description":"Foreign companies in Brazil require legal representation. We provide local representatives, power of attorney and support for compliance and operations.","og_url":"https:\/\/ipanemainternational.com\/pt\/market-entry-brazil\/legal-representation\/","og_site_name":"Ipanema International","article_modified_time":"2026-04-21T16:20:19+00:00","og_image":[{"width":1920,"height":1080,"url":"https:\/\/ipanemainternational.com\/wp-content\/uploads\/2026\/03\/8-1-e1775695138716.webp","type":"image\/webp"}],"twitter_card":"summary_large_image","twitter_misc":{"Est. reading time":"1 minuto"},"schema":{"@context":"https:\/\/schema.org","@graph":[{"@type":"WebPage","@id":"https:\/\/ipanemainternational.com\/market-entry-brazil\/legal-representation\/","url":"https:\/\/ipanemainternational.com\/market-entry-brazil\/legal-representation\/","name":"Legal Representation in Brazil | Local Representative for Foreign Companies","isPartOf":{"@id":"https:\/\/ipanemainternational.com\/#website"},"datePublished":"2026-03-23T23:23:44+00:00","dateModified":"2026-04-21T16:20:19+00:00","description":"Foreign companies in Brazil require legal representation. We provide local representatives, power of attorney and support for compliance and operations.","breadcrumb":{"@id":"https:\/\/ipanemainternational.com\/market-entry-brazil\/legal-representation\/#breadcrumb"},"inLanguage":"pt-BR","potentialAction":[{"@type":"ReadAction","target":["https:\/\/ipanemainternational.com\/market-entry-brazil\/legal-representation\/"]}]},{"@type":"BreadcrumbList","@id":"https:\/\/ipanemainternational.com\/market-entry-brazil\/legal-representation\/#breadcrumb","itemListElement":[{"@type":"ListItem","position":1,"name":"Home","item":"https:\/\/ipanemainternational.com\/"},{"@type":"ListItem","position":2,"name":"Market Entry &#038; Back-Office","item":"https:\/\/ipanemainternational.com\/market-entry-brazil\/"},{"@type":"ListItem","position":3,"name":"Legal Representation"}]},{"@type":"WebSite","@id":"https:\/\/ipanemainternational.com\/#website","url":"https:\/\/ipanemainternational.com\/","name":"Ipanema International","description":"Your Brazilian Connection","publisher":{"@id":"https:\/\/ipanemainternational.com\/#organization"},"potentialAction":[{"@type":"SearchAction","target":{"@type":"EntryPoint","urlTemplate":"https:\/\/ipanemainternational.com\/?s={search_term_string}"},"query-input":{"@type":"PropertyValueSpecification","valueRequired":true,"valueName":"search_term_string"}}],"inLanguage":"pt-BR"},{"@type":"Organization","@id":"https:\/\/ipanemainternational.com\/#organization","name":"Ipanema International","url":"https:\/\/ipanemainternational.com\/","logo":{"@type":"ImageObject","inLanguage":"pt-BR","@id":"https:\/\/ipanemainternational.com\/#\/schema\/logo\/image\/","url":"https:\/\/ipanemainternational.com\/wp-content\/uploads\/2026\/03\/Transparant.png","contentUrl":"https:\/\/ipanemainternational.com\/wp-content\/uploads\/2026\/03\/Transparant.png","width":400,"height":300,"caption":"Ipanema International"},"image":{"@id":"https:\/\/ipanemainternational.com\/#\/schema\/logo\/image\/"},"sameAs":["https:\/\/www.linkedin.com\/company\/ipanema-international","https:\/\/www.instagram.com\/ipanemainternational\/"]}]}},"_links":{"self":[{"href":"https:\/\/ipanemainternational.com\/pt\/wp-json\/wp\/v2\/pages\/3344","targetHints":{"allow":["GET"]}}],"collection":[{"href":"https:\/\/ipanemainternational.com\/pt\/wp-json\/wp\/v2\/pages"}],"about":[{"href":"https:\/\/ipanemainternational.com\/pt\/wp-json\/wp\/v2\/types\/page"}],"author":[{"embeddable":true,"href":"https:\/\/ipanemainternational.com\/pt\/wp-json\/wp\/v2\/users\/2"}],"replies":[{"embeddable":true,"href":"https:\/\/ipanemainternational.com\/pt\/wp-json\/wp\/v2\/comments?post=3344"}],"version-history":[{"count":50,"href":"https:\/\/ipanemainternational.com\/pt\/wp-json\/wp\/v2\/pages\/3344\/revisions"}],"predecessor-version":[{"id":7012,"href":"https:\/\/ipanemainternational.com\/pt\/wp-json\/wp\/v2\/pages\/3344\/revisions\/7012"}],"up":[{"embeddable":true,"href":"https:\/\/ipanemainternational.com\/pt\/wp-json\/wp\/v2\/pages\/4754"}],"wp:attachment":[{"href":"https:\/\/ipanemainternational.com\/pt\/wp-json\/wp\/v2\/media?parent=3344"}],"curies":[{"name":"wp","href":"https:\/\/api.w.org\/{rel}","templated":true}]}}